{"id":15457,"date":"2018-02-26T00:00:16","date_gmt":"2018-02-26T05:00:16","guid":{"rendered":"http:\/\/beta.dipzo.net\/fundacionTest\/?page_id=15457"},"modified":"2021-04-05T13:56:51","modified_gmt":"2021-04-05T18:56:51","slug":"inicio","status":"publish","type":"page","link":"https:\/\/beta.dipzo.net\/fundacionTest\/","title":{"rendered":"Inicio"},"content":{"rendered":"<p>[vc_row css_animation=&#8221;&#8221; row_type=&#8221;row&#8221; use_row_as_full_screen_section=&#8221;no&#8221; type=&#8221;full_width&#8221; angled_section=&#8221;no&#8221; text_align=&#8221;left&#8221; background_image_as_pattern=&#8221;without_pattern&#8221;][vc_column][rev_slider_vc alias=&#8221;main_slider&#8221;][\/vc_column][\/vc_row][vc_row css_animation=&#8221;&#8221; row_type=&#8221;row&#8221; use_row_as_full_screen_section=&#8221;no&#8221; type=&#8221;grid&#8221; angled_section=&#8221;no&#8221; text_align=&#8221;left&#8221; background_image_as_pattern=&#8221;without_pattern&#8221; background_color=&#8221;#337ab7&#8243; padding_top=&#8221;31&#8243; padding_bottom=&#8221;23&#8243; z_index=&#8221;&#8221;][vc_column width=&#8221;1\/3&#8243; offset=&#8221;vc_col-lg-offset-1 vc_col-lg-4&#8243;][vc_separator type=&#8221;transparent&#8221; up=&#8221;25&#8243; down=&#8221;0&#8243;]<div class=\"custom_font_holder\" style=\" font-style: normal; font-weight: 400; color: #ffffff; text-decoration: none; letter-spacing: 0px;border: 0px solid; text-align: left;\">\n<p style=\"text-align: center;\"><span style=\"color: #f8fb00;\">Inscr\u00edbete<\/span> <span style=\"color: #ffffff;\">y ent\u00e9rate de todos los beneficios que tenemos para ti!<\/span><\/p>\n<\/div>[\/vc_column][vc_column width=&#8221;1\/2&#8243; offset=&#8221;vc_col-lg-6&#8243;]<div role=\"form\" class=\"wpcf7\" id=\"wpcf7-f15267-o1\" lang=\"en-US\" dir=\"ltr\">\n<div class=\"screen-reader-response\"><p role=\"status\" aria-live=\"polite\" aria-atomic=\"true\"><\/p> <ul><\/ul><\/div>\n<form action=\"\/fundacionTest\/wp-json\/wp\/v2\/pages\/15457#wpcf7-f15267-o1\" method=\"post\" class=\"wpcf7-form init cf7_custom_style_1\" novalidate=\"novalidate\" data-status=\"init\">\n<div style=\"display: none;\">\n<input type=\"hidden\" name=\"_wpcf7\" value=\"15267\" \/>\n<input type=\"hidden\" name=\"_wpcf7_version\" value=\"5.4.1\" \/>\n<input type=\"hidden\" name=\"_wpcf7_locale\" value=\"en_US\" \/>\n<input type=\"hidden\" name=\"_wpcf7_unit_tag\" value=\"wpcf7-f15267-o1\" \/>\n<input type=\"hidden\" name=\"_wpcf7_container_post\" value=\"0\" \/>\n<input type=\"hidden\" name=\"_wpcf7_posted_data_hash\" value=\"\" \/>\n<input type=\"hidden\" name=\"_wpcf7_recaptcha_response\" value=\"\" \/>\n<\/div>\n<div class=\"two_columns_form_with_space clearfix\">\n<div class=\"column_left\">\n<div class=\"vc_col-sm-12\">\n<span class=\"wpcf7-form-control-wrap email\"><input type=\"email\" name=\"email\" value=\"\" size=\"40\" class=\"wpcf7-form-control wpcf7-text wpcf7-email wpcf7-validates-as-required wpcf7-validates-as-email\" aria-required=\"true\" aria-invalid=\"false\" placeholder=\"Tu correo electr\u00f3nico*\" \/><\/span>\n<\/div>\n<div class=\"vc_col-sm-7\">\n<span class=\"wpcf7-form-control-wrap nombre\"><input type=\"text\" name=\"nombre\" value=\"\" size=\"40\" class=\"wpcf7-form-control wpcf7-text wpcf7-validates-as-required\" aria-required=\"true\" aria-invalid=\"false\" placeholder=\"Tu nombre*\" \/><\/span>\n<\/div>\n<div class=\"vc_col-sm-5\" style=\"color:white;\">\nEres asociado?<br \/>\n<span class=\"wpcf7-form-control-wrap asociado\"><span class=\"wpcf7-form-control wpcf7-radio\"><span class=\"wpcf7-list-item first\"><label><span class=\"wpcf7-list-item-label\">Si<\/span><input type=\"radio\" name=\"asociado\" value=\"Si\" \/><\/label><\/span><span class=\"wpcf7-list-item last\"><label><span class=\"wpcf7-list-item-label\">No<\/span><input type=\"radio\" name=\"asociado\" value=\"No\" \/><\/label><\/span><\/span><\/span>\n<\/div>\n<div class=\"vc_col-sm-7\" style=\"color:white;\">\n<span class=\"wpcf7-form-control-wrap acceptance-549\"><span class=\"wpcf7-form-control wpcf7-acceptance\"><span class=\"wpcf7-list-item\"><input type=\"checkbox\" name=\"acceptance-549\" value=\"1\" aria-invalid=\"false\" class=\"AceptHabeasData\" \/><\/span><\/span><\/span> Aceptaci\u00f3n de <a style=\"color:yellow;\" href=\"http:\/\/beta.dipzo.net\/fundacionTest\/wp-content\/uploads\/2021\/08\/Politica-de-Tratamiento-de-Datos-Personales-Fundacion-Progreso-Solidario-final.pdf\" target=\"_blank\">Pol\u00edtica de tratamiento de datos<\/a>.\n<\/div>\n<p><input type=\"submit\" value=\"Enviar\" class=\"wpcf7-form-control wpcf7-submit\" \/>\n<\/p><\/div>\n<\/div>\n<input type='hidden' class='wpcf7-pum' value='{\"closepopup\":false,\"closedelay\":0,\"openpopup\":false,\"openpopup_id\":0}' \/><div class=\"wpcf7-response-output\" aria-hidden=\"true\"><\/div><\/form><\/div>[\/vc_column][\/vc_row][vc_row css_animation=&#8221;&#8221; row_type=&#8221;row&#8221; use_row_as_full_screen_section=&#8221;no&#8221; type=&#8221;full_width&#8221; angled_section=&#8221;no&#8221; text_align=&#8221;left&#8221; background_image=&#8221;15478&#8243; background_image_as_pattern=&#8221;with_pattern&#8221; background_color=&#8221;#ffffff&#8221; z_index=&#8221;&#8221;][vc_column][vc_empty_space height=&#8221;4px&#8221;][\/vc_column][\/vc_row][vc_row css_animation=&#8221;&#8221; row_type=&#8221;row&#8221; use_row_as_full_screen_section=&#8221;no&#8221; type=&#8221;grid&#8221; angled_section=&#8221;no&#8221; text_align=&#8221;left&#8221; background_image_as_pattern=&#8221;with_pattern&#8221; background_color=&#8221;#ffffff&#8221; padding_top=&#8221;80&#8243; padding_bottom=&#8221;60&#8243; z_index=&#8221;&#8221;][vc_column css_animation=&#8221;slideInLeft&#8221; width=&#8221;1\/2&#8243;][vc_basic_grid post_type=&#8221;ids&#8221; element_width=&#8221;12&#8243; item=&#8221;15500&#8243; grid_id=&#8221;vc_gid:1617648811354-31c6a8dd-f8b6-7&#8243; include=&#8221;15486&#8243;][\/vc_column][vc_column css_animation=&#8221;slideInRight&#8221; width=&#8221;1\/2&#8243;][vc_basic_grid post_type=&#8221;ids&#8221; element_width=&#8221;12&#8243; item=&#8221;15498&#8243; grid_id=&#8221;vc_gid:1617648811355-927e1f45-437e-2&#8243; include=&#8221;15484&#8243;][\/vc_column][\/vc_row][vc_row css_animation=&#8221;&#8221; row_type=&#8221;row&#8221; use_row_as_full_screen_section=&#8221;no&#8221; type=&#8221;grid&#8221; angled_section=&#8221;no&#8221; text_align=&#8221;left&#8221; background_image_as_pattern=&#8221;with_pattern&#8221; z_index=&#8221;&#8221;][vc_column][vc_empty_space height=&#8221;4px&#8221; background_image=&#8221;15478&#8243; image_repeat=&#8221;repeat-x&#8221;][\/vc_column][\/vc_row][vc_row css_animation=&#8221;element_from_left&#8221; row_type=&#8221;row&#8221; use_row_as_full_screen_section=&#8221;no&#8221; type=&#8221;grid&#8221; angled_section=&#8221;no&#8221; text_align=&#8221;left&#8221; background_image=&#8221;15291&#8243; background_image_as_pattern=&#8221;without_pattern&#8221; padding_top=&#8221;79&#8243; padding_bottom=&#8221;25&#8243; z_index=&#8221;&#8221;][vc_column css_animation=&#8221;none&#8221; width=&#8221;1\/3&#8243;]<div class='q_icon_with_title tiny circle qode_iwt_hover_enabled '><div class=\"icon_holder q_icon_animation\" style=\" transition-delay: 300ms; -webkit-transition-delay: 300ms; -moz-transition-delay: 300ms; -o-transition-delay: 300ms;\"><span data-icon-type=\"circle\" data-icon-hover-color=\"#ffffff\" data-icon-hover-bg-color=\"#ff0000\" class=\"qode_iwt_icon_holder fa-stack fa-lg  \" style=\"background-color: #337ab7;\"><i class=\"qode_icon_font_awesome fa fa-certificate qode_iwt_icon_element\" style=\"color: #ffffff;\" ><\/i><\/span><\/div><div class=\"icon_text_holder\" style=\"\"><div class=\"icon_text_inner\" style=\"\"><h6 class=\"icon_title\" style=\"color: #393939;\">CERTIFICADO<\/h6><p style='color: #898989'>Certificado digital para uso de convenios de la fundaci\u00f3n<\/p><a itemprop='url' class='icon_with_title_link' href='http:\/\/beta.dipzo.net\/fundacionTest\/descuentos-especiales\/certificados\/' target='_self' style=''>Gen\u00e9ralo ac\u00e1<\/a><\/div><\/div><\/div>[vc_separator type=&#8221;transparent&#8221; up=&#8221;15&#8243; down=&#8221;0&#8243;]<div class='q_icon_with_title tiny circle qode_iwt_hover_enabled '><div class=\"icon_holder q_icon_animation\" style=\" transition-delay: 300ms; -webkit-transition-delay: 300ms; -moz-transition-delay: 300ms; -o-transition-delay: 300ms;\"><span data-icon-type=\"circle\" data-icon-hover-color=\"#ffffff\" data-icon-hover-bg-color=\"#ff0000\" class=\"qode_iwt_icon_holder fa-stack fa-lg  \" style=\"background-color: #337ab7;\"><i class=\"qode_icon_font_awesome fa fa-search qode_iwt_icon_element\" style=\"color: #ffffff;\" ><\/i><\/span><\/div><div class=\"icon_text_holder\" style=\"\"><div class=\"icon_text_inner\" style=\"\"><h6 class=\"icon_title\" style=\"color: #393939;\">BONOS FPS<\/h6><p style='color: #898989'>Compra y regala bonos<\/p><a itemprop='url' class='icon_with_title_link' href='http:\/\/beta.dipzo.net\/fundacionTest\/bonos-fps\/' target='_self' style=''>Leer m\u00e1s<\/a><\/div><\/div><\/div>[vc_separator type=&#8221;transparent&#8221; up=&#8221;45&#8243; down=&#8221;0&#8243;][\/vc_column][vc_column css_animation=&#8221;none&#8221; width=&#8221;1\/3&#8243;]<div class='q_icon_with_title tiny circle qode_iwt_hover_enabled '><div class=\"icon_holder q_icon_animation\" style=\" transition-delay: 300ms; -webkit-transition-delay: 300ms; -moz-transition-delay: 300ms; -o-transition-delay: 300ms;\"><span data-icon-type=\"circle\" data-icon-hover-color=\"#ffffff\" data-icon-hover-bg-color=\"#ff0000\" class=\"qode_iwt_icon_holder fa-stack fa-lg  \" style=\"background-color: #337ab7;\"><i class=\"qode_icon_font_awesome fa fa-child qode_iwt_icon_element\" style=\"color: #ffffff;\" ><\/i><\/span><\/div><div class=\"icon_text_holder\" style=\"\"><div class=\"icon_text_inner\" style=\"\"><h6 class=\"icon_title\" style=\"color: #393939;\">APADRINA<\/h6><p style='color: #898989'>Apadrina un ni\u00f1o o ni\u00f1a en condici\u00f3n de vulnerabilidad<\/p><a itemprop='url' class='icon_with_title_link' href='http:\/\/beta.dipzo.net\/fundacionTest\/apadrina\/' target='_self' style=''>Leer m\u00e1s<\/a><\/div><\/div><\/div>[vc_separator type=&#8221;transparent&#8221; up=&#8221;15&#8243; down=&#8221;0&#8243;]<div class='q_icon_with_title tiny circle qode_iwt_hover_enabled '><div class=\"icon_holder q_icon_animation\" style=\" transition-delay: 300ms; -webkit-transition-delay: 300ms; -moz-transition-delay: 300ms; -o-transition-delay: 300ms;\"><span data-icon-type=\"circle\" data-icon-hover-color=\"#ffffff\" data-icon-hover-bg-color=\"#ff0000\" class=\"qode_iwt_icon_holder fa-stack fa-lg  \" style=\"background-color: #337ab7;\"><i class=\"qode_icon_font_awesome fa fa-briefcase qode_iwt_icon_element\" style=\"color: #ffffff;\" ><\/i><\/span><\/div><div class=\"icon_text_holder\" style=\"\"><div class=\"icon_text_inner\" style=\"\"><h6 class=\"icon_title\" style=\"color: #393939;\">Informaci\u00f3n de la DIAN<\/h6><p style='color: #898989'><\/p><a itemprop='url' class='icon_with_title_link' href='http:\/\/beta.dipzo.net\/fundacionTest\/informacion-dian\/' target='_self' style=''>Conoce m\u00e1s<\/a><\/div><\/div><\/div>[vc_separator type=&#8221;transparent&#8221; up=&#8221;45&#8243; down=&#8221;0&#8243;][\/vc_column][vc_column css_animation=&#8221;slideInRight&#8221; width=&#8221;1\/3&#8243;][\/vc_column][\/vc_row][vc_row css_animation=&#8221;&#8221; row_type=&#8221;row&#8221; use_row_as_full_screen_section=&#8221;no&#8221; type=&#8221;full_width&#8221; angled_section=&#8221;no&#8221; text_align=&#8221;left&#8221; background_image=&#8221;15481&#8243; background_image_as_pattern=&#8221;with_pattern&#8221; background_color=&#8221;#ffffff&#8221; z_index=&#8221;&#8221;][vc_column][vc_empty_space height=&#8221;4px&#8221;][\/vc_column][\/vc_row][vc_row css_animation=&#8221;&#8221; row_type=&#8221;row&#8221; use_row_as_full_screen_section=&#8221;no&#8221; type=&#8221;grid&#8221; angled_section=&#8221;no&#8221; text_align=&#8221;left&#8221; background_image_as_pattern=&#8221;without_pattern&#8221; background_color=&#8221;#337ab7&#8243; padding_top=&#8221;17&#8243; padding_bottom=&#8221;16&#8243; z_index=&#8221;&#8221;][vc_column width=&#8221;5\/12&#8243; offset=&#8221;vc_col-lg-offset-2 vc_col-lg-5&#8243;][vc_separator type=&#8221;transparent&#8221; up=&#8221;20&#8243; down=&#8221;0&#8243;]<div class=\"custom_font_holder\" style=\"font-family: Arvo; font-size: 13px; line-height: 26px; font-style: normal; font-weight: 400; color: #ffffff; text-decoration: none; letter-spacing: 0px;border: 0px solid; text-align: left;\">\n<p style=\"text-align: center;\"><span style=\"color: #ffffff;\">Si a\u00fan no haces parte de la Cooperativa Juriscoop, haz click aqu\u00ed y \u00fanete a nuestra familia.<\/span><\/p>\n<\/div>[\/vc_column][vc_column width=&#8221;1\/6&#8243; offset=&#8221;vc_col-lg-2&#8243;]<a  itemprop=\"url\" href=\"https:\/\/www.juriscoop.com.co\/como-asociarse\/\" target=\"_blank\" data-hover-background-color=#006baf data-hover-color=#ffffff class=\"qbutton  default\" style=\"color: #006baf; margin: 25px 25px 25px 25px; background-color: #ffffff;\">\u00a1As\u00f3ciate ya!<\/a>[\/vc_column][\/vc_row]<\/p>\n","protected":false},"excerpt":{"rendered":"<p>[vc_row css_animation=&#8221;&#8221; row_type=&#8221;row&#8221; use_row_as_full_screen_section=&#8221;no&#8221; type=&#8221;full_width&#8221; angled_section=&#8221;no&#8221; text_align=&#8221;left&#8221; background_image_as_pattern=&#8221;without_pattern&#8221;][vc_column][rev_slider_vc alias=&#8221;main_slider&#8221;][\/vc_column][\/vc_row][vc_row css_animation=&#8221;&#8221; row_type=&#8221;row&#8221; use_row_as_full_screen_section=&#8221;no&#8221; type=&#8221;grid&#8221; angled_section=&#8221;no&#8221; text_align=&#8221;left&#8221; background_image_as_pattern=&#8221;without_pattern&#8221; background_color=&#8221;#337ab7&#8243; padding_top=&#8221;31&#8243; padding_bottom=&#8221;23&#8243; z_index=&#8221;&#8221;][vc_column width=&#8221;1\/3&#8243; offset=&#8221;vc_col-lg-offset-1 vc_col-lg-4&#8243;][vc_separator type=&#8221;transparent&#8221; up=&#8221;25&#8243; down=&#8221;0&#8243;][\/vc_column][vc_column width=&#8221;1\/2&#8243; offset=&#8221;vc_col-lg-6&#8243;][\/vc_column][\/vc_row][vc_row css_animation=&#8221;&#8221; row_type=&#8221;row&#8221; use_row_as_full_screen_section=&#8221;no&#8221; type=&#8221;full_width&#8221; angled_section=&#8221;no&#8221; text_align=&#8221;left&#8221; background_image=&#8221;15478&#8243; background_image_as_pattern=&#8221;with_pattern&#8221; background_color=&#8221;#ffffff&#8221; z_index=&#8221;&#8221;][vc_column][vc_empty_space height=&#8221;4px&#8221;][\/vc_column][\/vc_row][vc_row css_animation=&#8221;&#8221; row_type=&#8221;row&#8221; use_row_as_full_screen_section=&#8221;no&#8221; type=&#8221;grid&#8221; angled_section=&#8221;no&#8221; text_align=&#8221;left&#8221;&#8230;<\/p>\n","protected":false},"author":4,"featured_media":0,"parent":0,"menu_order":0,"comment_status":"open","ping_status":"open","template":"full_width.php","meta":{"_links_to":"","_links_to_target":""},"_links":{"self":[{"href":"https:\/\/beta.dipzo.net\/fundacionTest\/wp-json\/wp\/v2\/pages\/15457"}],"collection":[{"href":"https:\/\/beta.dipzo.net\/fundacionTest\/wp-json\/wp\/v2\/pages"}],"about":[{"href":"https:\/\/beta.dipzo.net\/fundacionTest\/wp-json\/wp\/v2\/types\/page"}],"author":[{"embeddable":true,"href":"https:\/\/beta.dipzo.net\/fundacionTest\/wp-json\/wp\/v2\/users\/4"}],"replies":[{"embeddable":true,"href":"https:\/\/beta.dipzo.net\/fundacionTest\/wp-json\/wp\/v2\/comments?post=15457"}],"version-history":[{"count":40,"href":"https:\/\/beta.dipzo.net\/fundacionTest\/wp-json\/wp\/v2\/pages\/15457\/revisions"}],"predecessor-version":[{"id":16839,"href":"https:\/\/beta.dipzo.net\/fundacionTest\/wp-json\/wp\/v2\/pages\/15457\/revisions\/16839"}],"wp:attachment":[{"href":"https:\/\/beta.dipzo.net\/fundacionTest\/wp-json\/wp\/v2\/media?parent=15457"}],"curies":[{"name":"wp","href":"https:\/\/api.w.org\/{rel}","templated":true}]}}