{"id":16824,"date":"2021-04-05T13:37:26","date_gmt":"2021-04-05T18:37:26","guid":{"rendered":"http:\/\/beta.dipzo.net\/fundacionTest\/?page_id=16824"},"modified":"2021-04-08T18:29:05","modified_gmt":"2021-04-08T23:29:05","slug":"informacion-dian","status":"publish","type":"page","link":"https:\/\/beta.dipzo.net\/fundacionTest\/informacion-dian\/","title":{"rendered":"Informaci\u00f3n DIAN"},"content":{"rendered":"<p>[vc_row css_animation=&#8221;&#8221; row_type=&#8221;row&#8221; use_row_as_full_screen_section=&#8221;no&#8221; type=&#8221;full_width&#8221; angled_section=&#8221;no&#8221; text_align=&#8221;left&#8221; background_image_as_pattern=&#8221;without_pattern&#8221;][vc_column][vc_single_image image=&#8221;16825&#8243; img_size=&#8221;full&#8221; alignment=&#8221;center&#8221; qode_css_animation=&#8221;&#8221;][\/vc_column][\/vc_row][vc_row css_animation=&#8221;&#8221; row_type=&#8221;row&#8221; use_row_as_full_screen_section=&#8221;no&#8221; type=&#8221;grid&#8221; angled_section=&#8221;no&#8221; text_align=&#8221;left&#8221; background_image_as_pattern=&#8221;without_pattern&#8221; background_color=&#8221;#ffffff&#8221; padding_top=&#8221;79&#8243; padding_bottom=&#8221;34&#8243;][vc_column][vc_column_text css=&#8221;.vc_custom_1617645752913{margin-bottom: 2em !important;}&#8221;]<\/p>\n<h2 style=\"text-align: center; color: rgb(12 47 133);\">REGISTRO WEB<\/h2>\n<h5 style=\"text-align: center; color: rgb(65 65 65);\">(R\u00e9gimen Tributario Especial)<\/h5>\n<p>[\/vc_column_text][vc_column_text]<\/p>\n<h3>Conoce m\u00e1s<\/h3>\n<ol start=\"1\" type=\"1\">\n<li class=\"m_6743854491375559606MsoListParagraph\"><a href=\"http:\/\/beta.dipzo.net\/fundacionTest\/wp-content\/uploads\/2021\/04\/CERTIF_DE_REQUISITOS_DE_PERMANENCIA_-_FUNDACION_2020.pdf\" target=\"_blank\" rel=\"noopener noreferrer\">Certificaci\u00f3n de cumplimiento de requisitos para permanecer en el r\u00e9gimen tributario especial<\/a><u><\/u><\/li>\n<li class=\"m_6743854491375559606MsoListParagraph\"><a href=\"http:\/\/beta.dipzo.net\/fundacionTest\/wp-content\/uploads\/2021\/04\/EXTRACTO_ACTA_DISTRIBUCION__DE_EXCEDENTES_-_FUNDACION_2020.pdf\" target=\"_blank\" rel=\"noopener noreferrer\">Extracto del acta de la sesi\u00f3n ordinaria de la junta directiva llevada a cabo el 19 de marzo de 2021<\/a><u><\/u><\/li>\n<li class=\"m_6743854491375559606MsoListParagraph\"><a href=\"http:\/\/beta.dipzo.net\/fundacionTest\/wp-content\/uploads\/2021\/04\/CERTIF_ANTECED_JUDIC_Y_CADUCIDAD_DE_CONTRATOS_-_FUNDACION_2020.pdf\" target=\"_blank\" rel=\"noopener noreferrer\">Certificaci\u00f3n antecedentes judiciales y caducidad de contratos<\/a><\/li>\n<li><a href=\"http:\/\/beta.dipzo.net\/fundacionTest\/wp-content\/uploads\/2021\/04\/MEMORIAS_FUNDACION_2020.pdf\" target=\"_blank\" rel=\"noopener noreferrer\">Memorias 2020<\/a><\/li>\n<li><a href=\"http:\/\/beta.dipzo.net\/fundacionTest\/wp-content\/uploads\/2021\/04\/INFORME_DE_GESTION_-_FUNDACION_2020.pdf\" target=\"_blank\" rel=\"noopener noreferrer\">Informe de Gesti\u00f3n 2020<\/a><\/li>\n<li><a href=\"http:\/\/beta.dipzo.net\/fundacionTest\/wp-content\/uploads\/2021\/04\/ESTADOS_FINANC_NOTAS_Y_DICTAMEN_RF_-_FUNDACION_2020.pdf\" target=\"_blank\" rel=\"noopener noreferrer\">Estados financieros y dictamen RF 2020<\/a><\/li>\n<\/ol>\n<p>[\/vc_column_text][vc_separator type=&#8221;normal&#8221;][\/vc_column][\/vc_row]<\/p>\n","protected":false},"excerpt":{"rendered":"<p>[vc_row css_animation=&#8221;&#8221; row_type=&#8221;row&#8221; use_row_as_full_screen_section=&#8221;no&#8221; type=&#8221;full_width&#8221; angled_section=&#8221;no&#8221; text_align=&#8221;left&#8221; background_image_as_pattern=&#8221;without_pattern&#8221;][vc_column][vc_single_image image=&#8221;16825&#8243; img_size=&#8221;full&#8221; alignment=&#8221;center&#8221; qode_css_animation=&#8221;&#8221;][\/vc_column][\/vc_row][vc_row css_animation=&#8221;&#8221; row_type=&#8221;row&#8221; use_row_as_full_screen_section=&#8221;no&#8221; type=&#8221;grid&#8221; angled_section=&#8221;no&#8221; text_align=&#8221;left&#8221; background_image_as_pattern=&#8221;without_pattern&#8221; background_color=&#8221;#ffffff&#8221; padding_top=&#8221;79&#8243; padding_bottom=&#8221;34&#8243;][vc_column][vc_column_text css=&#8221;.vc_custom_1617645752913{margin-bottom: 2em !important;}&#8221;] REGISTRO WEB (R\u00e9gimen Tributario Especial) [\/vc_column_text][vc_column_text] Conoce m\u00e1s Certificaci\u00f3n de cumplimiento de requisitos para permanecer en el r\u00e9gimen tributario especial&#8230;<\/p>\n","protected":false},"author":4,"featured_media":0,"parent":0,"menu_order":0,"comment_status":"open","ping_status":"open","template":"full_width.php","meta":{"_links_to":"","_links_to_target":""},"_links":{"self":[{"href":"https:\/\/beta.dipzo.net\/fundacionTest\/wp-json\/wp\/v2\/pages\/16824"}],"collection":[{"href":"https:\/\/beta.dipzo.net\/fundacionTest\/wp-json\/wp\/v2\/pages"}],"about":[{"href":"https:\/\/beta.dipzo.net\/fundacionTest\/wp-json\/wp\/v2\/types\/page"}],"author":[{"embeddable":true,"href":"https:\/\/beta.dipzo.net\/fundacionTest\/wp-json\/wp\/v2\/users\/4"}],"replies":[{"embeddable":true,"href":"https:\/\/beta.dipzo.net\/fundacionTest\/wp-json\/wp\/v2\/comments?post=16824"}],"version-history":[{"count":12,"href":"https:\/\/beta.dipzo.net\/fundacionTest\/wp-json\/wp\/v2\/pages\/16824\/revisions"}],"predecessor-version":[{"id":16847,"href":"https:\/\/beta.dipzo.net\/fundacionTest\/wp-json\/wp\/v2\/pages\/16824\/revisions\/16847"}],"wp:attachment":[{"href":"https:\/\/beta.dipzo.net\/fundacionTest\/wp-json\/wp\/v2\/media?parent=16824"}],"curies":[{"name":"wp","href":"https:\/\/api.w.org\/{rel}","templated":true}]}}