{"id":2387,"date":"2019-01-15T11:46:42","date_gmt":"2019-01-15T16:46:42","guid":{"rendered":"https:\/\/beta.dipzo.net\/juriscooptest\/?page_id=2387"},"modified":"2021-04-19T10:44:02","modified_gmt":"2021-04-19T15:44:02","slug":"plan-referidos","status":"publish","type":"page","link":"https:\/\/beta.dipzo.net\/juriscooptest\/plan-referidos\/","title":{"rendered":"Plan referidos"},"content":{"rendered":"<p>[vc_row css_animation=\u00bb\u00bb row_type=\u00bbrow\u00bb use_row_as_full_screen_section=\u00bbno\u00bb type=\u00bbfull_width\u00bb angled_section=\u00bbno\u00bb text_align=\u00bbleft\u00bb background_image_as_pattern=\u00bbwithout_pattern\u00bb][vc_column][vc_single_image image=\u00bb1306&#8243; img_size=\u00bbfull\u00bb alignment=\u00bbcenter\u00bb qode_css_animation=\u00bb\u00bb css=\u00bb.vc_custom_1521655340366{margin-top: 10px !important;margin-bottom: 10px !important;}\u00bb][vc_column_text css=\u00bb.vc_custom_1618847004521{margin-bottom: 0px !important;padding-top: 10px !important;padding-bottom: 10px !important;background-color: #3f72bf !important;}\u00bb]<\/p>\n<h3><\/h3>\n<h5 style=\"text-align: center;\"><span style=\"color: #ffffff;\"><strong>Por cada nuevo asociado efectivo a nuestra cooperativa recibe hasta $40.000 pesos*\u00a0<\/strong><\/span><\/h5>\n<p>[\/vc_column_text][vc_row_inner row_type=\u00bbrow\u00bb type=\u00bbfull_width\u00bb text_align=\u00bbleft\u00bb css_animation=\u00bb\u00bb el_id=\u00bbformulario-row\u00bb css=\u00bb.vc_custom_1521660108467{background-color: #333333 !important;}\u00bb][vc_column_inner width=\u00bb1\/3&#8243; css=\u00bb.vc_custom_1521660094940{padding-top: 15px !important;padding-right: 30px !important;padding-bottom: 15px !important;padding-left: 35px !important;}\u00bb][vc_column_text]<\/p>\n<h4 style=\"text-align: center;\"><strong><span style=\"color: #ffffff;\">REGISTRA TUS DATOS<\/span><\/strong><\/h4>\n<p><span style=\"font-size: 16px; color: #ffffff;\">Uno de nuestros asesores te contactar\u00e1<\/span>[\/vc_column_text]<div role=\"form\" class=\"wpcf7\" id=\"wpcf7-f1309-o1\" lang=\"es-ES\" dir=\"ltr\">\n<div class=\"screen-reader-response\"><p role=\"status\" aria-live=\"polite\" aria-atomic=\"true\"><\/p> <ul><\/ul><\/div>\n<form action=\"\/juriscooptest\/wp-json\/wp\/v2\/pages\/2387#wpcf7-f1309-o1\" method=\"post\" class=\"wpcf7-form init default\" novalidate=\"novalidate\" data-status=\"init\">\n<div style=\"display: none;\">\n<input type=\"hidden\" name=\"_wpcf7\" value=\"1309\" \/>\n<input type=\"hidden\" name=\"_wpcf7_version\" value=\"5.4.1\" \/>\n<input type=\"hidden\" name=\"_wpcf7_locale\" value=\"es_ES\" \/>\n<input type=\"hidden\" name=\"_wpcf7_unit_tag\" value=\"wpcf7-f1309-o1\" \/>\n<input type=\"hidden\" name=\"_wpcf7_container_post\" value=\"0\" \/>\n<input type=\"hidden\" name=\"_wpcf7_posted_data_hash\" value=\"\" \/>\n<input type=\"hidden\" name=\"_wpcf7_recaptcha_response\" value=\"\" \/>\n<\/div>\n<p><label><span class=\"wpcf7-form-control-wrap nombre-asociado\"><input type=\"text\" name=\"nombre-asociado\" value=\"\" size=\"40\" class=\"wpcf7-form-control wpcf7-text wpcf7-validates-as-required\" aria-required=\"true\" aria-invalid=\"false\" placeholder=\"Datos asociado \/ Nombre (requerido)\" \/><\/span> <\/label><\/p>\n<p><label><span class=\"wpcf7-form-control-wrap email-asociado\"><input type=\"email\" name=\"email-asociado\" value=\"\" size=\"40\" class=\"wpcf7-form-control wpcf7-text wpcf7-email wpcf7-validates-as-required wpcf7-validates-as-email\" aria-required=\"true\" aria-invalid=\"false\" placeholder=\"Tu correo electr\u00f3nico (requerido)\" \/><\/span> <\/label><\/br><\/p>\n<p><label><span class=\"wpcf7-form-control-wrap nombre-referido\"><input type=\"text\" name=\"nombre-referido\" value=\"\" size=\"40\" class=\"wpcf7-form-control wpcf7-text wpcf7-validates-as-required\" aria-required=\"true\" aria-invalid=\"false\" placeholder=\"Datos referido \/ Nombre (requerido)\" \/><\/span> <\/label><\/p>\n<p><label><span class=\"wpcf7-form-control-wrap email-referido\"><input type=\"email\" name=\"email-referido\" value=\"\" size=\"40\" class=\"wpcf7-form-control wpcf7-text wpcf7-email wpcf7-validates-as-required wpcf7-validates-as-email\" aria-required=\"true\" aria-invalid=\"false\" placeholder=\"Correo electr\u00f3nico (requerido)\" \/><\/span> <\/label><\/p>\n<p><label><span class=\"wpcf7-form-control-wrap telefono-referido\"><input type=\"text\" name=\"telefono-referido\" value=\"\" size=\"40\" class=\"wpcf7-form-control wpcf7-text wpcf7-validates-as-required\" aria-required=\"true\" aria-invalid=\"false\" placeholder=\"Tel\u00e9fono\" \/><\/span> <\/label><\/br><\/p>\n<p><label><span class=\"wpcf7-form-control-wrap vinculo-referido\"><select name=\"vinculo-referido\" class=\"wpcf7-form-control wpcf7-select wpcf7-validates-as-required\" aria-required=\"true\" aria-invalid=\"false\"><option value=\"Vinculo referido\">Vinculo referido<\/option><option value=\"Familiar\">Familiar<\/option><option value=\"Amigo\">Amigo<\/option><option value=\"Otro\">Otro<\/option><\/select><\/span> <\/label><\/br><\/p>\n<p><input type=\"submit\" value=\"Enviar mis datos\" class=\"wpcf7-form-control wpcf7-submit\" \/><br \/>\n<span class=\"wpcf7-form-control-wrap terminos-condiciones\"><span class=\"wpcf7-form-control wpcf7-acceptance\"><span class=\"wpcf7-list-item\"><label><input type=\"checkbox\" name=\"terminos-condiciones\" value=\"1\" aria-invalid=\"false\" \/><span class=\"wpcf7-list-item-label\">Acepto las <a href=\"https:\/\/drive.google.com\/file\/d\/1khhI0wPJItMJeH1qyflELpNULdEg8qXC\/view\" target=\"_blank\">politicas de privacidad y de tratamiento de datos personales<\/a><\/span><\/label><\/span><\/span><\/span><\/p>\n<p><span class=\"wpcf7-form-control-wrap terminos-condiciones2\"><span class=\"wpcf7-form-control wpcf7-acceptance\"><span class=\"wpcf7-list-item\"><label><input type=\"checkbox\" name=\"terminos-condiciones2\" value=\"1\" aria-invalid=\"false\" \/><span class=\"wpcf7-list-item-label\">Manifiesto que cuento con plena autorizaci\u00f3n del referido y que actu\u00f3 por mandato de este y en su representaci\u00f3n para suministrar los datos personales que aparecen identificados en los campos como datos del referido a Financiera Juriscoop, a la Cooperativa del Sistema Nacional de Justicia Juriscoop y a las dem\u00e1s empresas que conforman el Grupo Empresarial Juriscoop.<\/span><\/label><\/span><\/span><\/span><\/p>\n<input type='hidden' class='wpcf7-pum' value='{\"closepopup\":false,\"closedelay\":0,\"openpopup\":false,\"openpopup_id\":0}' \/><div class=\"wpcf7-response-output\" aria-hidden=\"true\"><\/div><\/form><\/div>[\/vc_column_inner][vc_column_inner width=\u00bb2\/3&#8243;][vc_single_image image=\u00bb4326&#8243; img_size=\u00bbfull\u00bb alignment=\u00bbcenter\u00bb qode_css_animation=\u00bb\u00bb css=\u00bb.vc_custom_1618846669243{margin-bottom: 0px !important;}\u00bb][\/vc_column_inner][\/vc_row_inner][vc_row_inner row_type=\u00bbrow\u00bb type=\u00bbfull_width\u00bb text_align=\u00bbleft\u00bb css_animation=\u00bb\u00bb el_id=\u00bbterminos-condiciones-row\u00bb css=\u00bb.vc_custom_1521663115890{padding-top: 15px !important;padding-right: 35px !important;padding-left: 35px !important;}\u00bb][vc_column_inner width=\u00bb2\/3&#8243;][vc_column_text]<strong>*Si eres asociado a Cooperativa Juriscoop, <\/strong><strong>puedes referir a familiares (hasta 4to grado de consanguinidad y 2\u00b0 de afinidad) o amigos que trabajen o sean pensionados del sector p\u00fablico, y por cada asociado efectivo recibir\u00e1s en tu cuenta hasta $40.000 pesos.<\/strong><\/p>\n<p><strong>*Si eres cliente de Financiera Juriscoop o colaborador del Grupo Juriscoop puedes referir personas que trabajen o sean pensionados del sector p\u00fablico y cumplan con todos los requisitos para hacer parte de la Cooperativa Juriscoop, y por cada asociado efectivo recibir\u00e1s en tu cuenta hasta $40.000 pesos.<\/strong><\/p>\n<p><strong>*Aplican t\u00e9rminos y condiciones.<\/strong><\/p>\n<p>Gracias por tu fidelidad hacia nuestro servicio de env\u00edo de correos promocionales e informativos. Para COOPERATIVA DEL SISTEMA NACIONAL DE JUSTICIA, JURISCOOP y su marca, es un privilegio contarte entre nuestros lectores. Este correo ha sido enviado por Cooperativa del sistema nacional de justicia, Juriscoop. Has recibido este correo electr\u00f3nico porque has autorizado el uso de tus datos para el env\u00edo de esta informaci\u00f3n, ya sea a Cooperativa del sistema nacional de justicia, Juriscoop., o a las empresas del Grupo Juriscoop, en este caso el anunciante de este correo, y quien asume adem\u00e1s de nosotros la responsabilidad en el tratamiento de sus datos y servicios afiliados y sitios web afiliados y\/o has ratificado u otorgado tu permiso para que te enviemos correos seg\u00fan nuestra comunicaci\u00f3n de solicitud de permiso ajustada al numeral 10\u00b0del decreto reglamentario 1377 de la ley 1581 de 2012, o has autorizado al anunciante de este correo, y quien asume adem\u00e1s de nosotros la responsabilidad en el tratamiento de sus datos (quien aparece como remitente del mismo). Puedes ELIMINARTE de todas nuestras bases de datos si deseas en el bot\u00f3n enviando un correo electr\u00f3nico a servicioalcliente@cooperativajuriscoop.com.co con el asunto Retirar Suscripci\u00f3n Noticias e informaci\u00f3n; recuerda que no puedes ELIMINARTE de un solo tipo de publicaci\u00f3n, te eliminaremos de todas las bases. Si consideras haber recibido informaci\u00f3n no deseada o requerida enviada por mail a trav\u00e9s de nuestros servicios, por favor env\u00edanos una copia de ese email con tus comentarios a esta direcci\u00f3n de correo electr\u00f3nico: servicioalcliente@cooperativajuriscoop.com.co Nosotros reportaremos y solucionaremos la situaci\u00f3n inmediatamente. Los contenidos de este correo son responsabilidad exclusiva de su anunciante. COOPERATIVA DEL SISTEMA NACIONAL DE JUSTICIA, JURISCOOP no asume responsabilidad alguna sobre el contenido e informaci\u00f3n incluida en nuestros correos promocionales, ni por mensajes que utilicen nuestro nombre o marca sin autorizaci\u00f3n. Si tienes alguna duda, consulta nuestra Pol\u00edtica de Privacidad en nuestra p\u00e1gina web: www.juriscoop.com.co[\/vc_column_text][\/vc_column_inner][vc_column_inner width=\u00bb1\/3&#8243;][vc_separator type=\u00bbnormal\u00bb color=\u00bb#ffffff\u00bb][vc_column_text css=\u00bb.vc_custom_1618846803875{padding-top: 15px !important;padding-right: 15px !important;padding-bottom: 15px !important;padding-left: 15px !important;background-color: #ff0000 !important;border-radius: 10px !important;}\u00bb]<\/p>\n<ul>\n<li style=\"list-style-type: none;\">\n<ul>\n<li><strong><span style=\"color: #ffffff;\">Campa\u00f1a a nivel nacional v\u00e1lida para referidos efectivos hasta el 31 de diciembre de 2021.<\/span><\/strong><\/li>\n<li><strong><span style=\"color: #ffffff;\">Por cada asociado referido efectivo se dar\u00e1n hasta $40.000 pesos al asociado, cliente o colaborador que refiri\u00f3.<\/span><\/strong><\/li>\n<li><strong><span style=\"color: #ffffff;\">Consulte los t\u00e9rminos y condiciones en www.juriscoop.com.co\/campanas<\/span><\/strong><\/li>\n<\/ul>\n<\/li>\n<\/ul>\n<p>[\/vc_column_text][\/vc_column_inner][\/vc_row_inner][\/vc_column][\/vc_row]<\/p>\n","protected":false},"excerpt":{"rendered":"<p>[vc_row css_animation=\u00bb\u00bb row_type=\u00bbrow\u00bb use_row_as_full_screen_section=\u00bbno\u00bb type=\u00bbfull_width\u00bb angled_section=\u00bbno\u00bb text_align=\u00bbleft\u00bb background_image_as_pattern=\u00bbwithout_pattern\u00bb][vc_column][vc_single_image image=\u00bb1306&#8243; img_size=\u00bbfull\u00bb alignment=\u00bbcenter\u00bb qode_css_animation=\u00bb\u00bb css=\u00bb.vc_custom_1521655340366{margin-top: 10px !important;margin-bottom: 10px !important;}\u00bb][vc_column_text css=\u00bb.vc_custom_1618847004521{margin-bottom: 0px !important;padding-top: 10px !important;padding-bottom: 10px !important;background-color: #3f72bf !important;}\u00bb] Por cada nuevo asociado efectivo a nuestra cooperativa recibe hasta $40.000 pesos*\u00a0 [\/vc_column_text][vc_row_inner row_type=\u00bbrow\u00bb type=\u00bbfull_width\u00bb text_align=\u00bbleft\u00bb css_animation=\u00bb\u00bb el_id=\u00bbformulario-row\u00bb css=\u00bb.vc_custom_1521660108467{background-color:&#8230;<\/p>\n","protected":false},"author":2,"featured_media":0,"parent":0,"menu_order":0,"comment_status":"closed","ping_status":"closed","template":"landing_page.php","meta":[],"_links":{"self":[{"href":"https:\/\/beta.dipzo.net\/juriscooptest\/wp-json\/wp\/v2\/pages\/2387"}],"collection":[{"href":"https:\/\/beta.dipzo.net\/juriscooptest\/wp-json\/wp\/v2\/pages"}],"about":[{"href":"https:\/\/beta.dipzo.net\/juriscooptest\/wp-json\/wp\/v2\/types\/page"}],"author":[{"embeddable":true,"href":"https:\/\/beta.dipzo.net\/juriscooptest\/wp-json\/wp\/v2\/users\/2"}],"replies":[{"embeddable":true,"href":"https:\/\/beta.dipzo.net\/juriscooptest\/wp-json\/wp\/v2\/comments?post=2387"}],"version-history":[{"count":29,"href":"https:\/\/beta.dipzo.net\/juriscooptest\/wp-json\/wp\/v2\/pages\/2387\/revisions"}],"predecessor-version":[{"id":4331,"href":"https:\/\/beta.dipzo.net\/juriscooptest\/wp-json\/wp\/v2\/pages\/2387\/revisions\/4331"}],"wp:attachment":[{"href":"https:\/\/beta.dipzo.net\/juriscooptest\/wp-json\/wp\/v2\/media?parent=2387"}],"curies":[{"name":"wp","href":"https:\/\/api.w.org\/{rel}","templated":true}]}}