{"id":2559,"date":"2019-03-21T15:12:46","date_gmt":"2019-03-21T20:12:46","guid":{"rendered":"https:\/\/beta.dipzo.net\/juriscooptest\/?page_id=2559"},"modified":"2021-03-31T17:46:12","modified_gmt":"2021-03-31T22:46:12","slug":"informacion-dian","status":"publish","type":"page","link":"https:\/\/beta.dipzo.net\/juriscooptest\/informacion-dian\/","title":{"rendered":"Informaci\u00f3n DIAN"},"content":{"rendered":"<p>[vc_row css_animation=\u00bb\u00bb row_type=\u00bbrow\u00bb use_row_as_full_screen_section=\u00bbno\u00bb type=\u00bbfull_width\u00bb angled_section=\u00bbno\u00bb text_align=\u00bbleft\u00bb background_image_as_pattern=\u00bbwithout_pattern\u00bb][vc_column][vc_column_text]<\/p>\n<h2 style=\"text-align: center;\">REGISTRO WEB<\/h2>\n<h4 style=\"text-align: center;\">(R\u00e9gimen Tributario Especial)<\/h4>\n<p>[\/vc_column_text][\/vc_column][\/vc_row][vc_row css_animation=\u00bb\u00bb row_type=\u00bbrow\u00bb use_row_as_full_screen_section=\u00bbno\u00bb type=\u00bbfull_width\u00bb angled_section=\u00bbno\u00bb text_align=\u00bbleft\u00bb background_image_as_pattern=\u00bbwithout_pattern\u00bb][vc_column][vc_column_text]<\/p>\n<h3>Conoce m\u00e1s<\/h3>\n<ol start=\"1\" type=\"1\">\n<li class=\"m_6743854491375559606MsoListParagraph\"><a href=\"https:\/\/beta.dipzo.net\/juriscooptest\/wp-content\/uploads\/2021\/03\/1.-Certificacion-Cargos-Directivos-Y-Gerenciales-DIAN.pdf\" target=\"_blank\" rel=\"noopener noreferrer\">Certificado remuneraci\u00f3n cargos Directivos y Gerenciales<\/a><u><\/u><u><\/u><\/li>\n<li class=\"m_6743854491375559606MsoListParagraph\"><a href=\"https:\/\/beta.dipzo.net\/juriscooptest\/wp-content\/uploads\/2021\/03\/2.-Memoria-Economica-2020.pdf\" target=\"_blank\" rel=\"noopener noreferrer\">Memoria econ\u00f3mica<\/a><u><\/u><u><\/u><\/li>\n<li class=\"m_6743854491375559606MsoListParagraph\"><a href=\"https:\/\/beta.dipzo.net\/juriscooptest\/wp-content\/uploads\/2021\/03\/3.-Informe-de-Gestion-Juriscoop-2020.pdf\" target=\"_blank\" rel=\"noopener noreferrer\">Informe de Gesti\u00f3n<\/a><u><\/u><u><\/u><\/li>\n<li class=\"m_6743854491375559606MsoListParagraph\"><a href=\"https:\/\/beta.dipzo.net\/juriscooptest\/wp-content\/uploads\/2021\/03\/4.-Estados-Financieros-Notas-y-Dictamen-2020.pdf\" target=\"_blank\" rel=\"noopener noreferrer\">Estados Financieros con sus notas dictaminados<\/a><u><\/u><u><\/u><\/li>\n<li class=\"m_6743854491375559606MsoListParagraph\"><a href=\"https:\/\/beta.dipzo.net\/juriscooptest\/wp-content\/uploads\/2021\/03\/5.-Certificacion-De-Cumplimiento-De-Requisitos-Para-Permanecer-RTE-v0.pdf\" target=\"_blank\" rel=\"noopener noreferrer\">Certificado cumplimiento y requisitos p\u00e1rrafo 2 del art 364-5 ET<\/a><u><\/u><u><\/u><\/li>\n<li class=\"m_6743854491375559606MsoListParagraph\"><a href=\"https:\/\/beta.dipzo.net\/juriscooptest\/wp-content\/uploads\/2021\/03\/6.-Certificacion-Antecedentes-Judiciales-Y-Caducidad-De-Contratos.pdf\" target=\"_blank\" rel=\"noopener noreferrer\">Certificado de antecedentes judiciales de Directivos y Gerentes<\/a><u><\/u><u><\/u><\/li>\n<li class=\"m_6743854491375559606MsoListParagraph\"><a href=\"https:\/\/beta.dipzo.net\/juriscooptest\/wp-content\/uploads\/2021\/03\/7.-Certificacion-Distribucion-de-Excedentes-2020.pdf\" target=\"_blank\" rel=\"noopener noreferrer\">Certificado distribuci\u00f3n de excedentes<\/a><u><\/u><\/li>\n<\/ol>\n<p class=\"m_6743854491375559606MsoListParagraph\">\n<p>[\/vc_column_text][\/vc_column][\/vc_row]<\/p>\n","protected":false},"excerpt":{"rendered":"<p>[vc_row css_animation=\u00bb\u00bb row_type=\u00bbrow\u00bb use_row_as_full_screen_section=\u00bbno\u00bb type=\u00bbfull_width\u00bb angled_section=\u00bbno\u00bb text_align=\u00bbleft\u00bb background_image_as_pattern=\u00bbwithout_pattern\u00bb][vc_column][vc_column_text] REGISTRO WEB (R\u00e9gimen Tributario Especial) [\/vc_column_text][\/vc_column][\/vc_row][vc_row css_animation=\u00bb\u00bb row_type=\u00bbrow\u00bb use_row_as_full_screen_section=\u00bbno\u00bb type=\u00bbfull_width\u00bb angled_section=\u00bbno\u00bb text_align=\u00bbleft\u00bb background_image_as_pattern=\u00bbwithout_pattern\u00bb][vc_column][vc_column_text] Conoce m\u00e1s Certificado remuneraci\u00f3n cargos Directivos y Gerenciales Memoria econ\u00f3mica Informe de Gesti\u00f3n Estados Financieros con sus notas dictaminados Certificado cumplimiento y requisitos p\u00e1rrafo&#8230;<\/p>\n","protected":false},"author":8,"featured_media":0,"parent":0,"menu_order":0,"comment_status":"open","ping_status":"closed","template":"","meta":[],"_links":{"self":[{"href":"https:\/\/beta.dipzo.net\/juriscooptest\/wp-json\/wp\/v2\/pages\/2559"}],"collection":[{"href":"https:\/\/beta.dipzo.net\/juriscooptest\/wp-json\/wp\/v2\/pages"}],"about":[{"href":"https:\/\/beta.dipzo.net\/juriscooptest\/wp-json\/wp\/v2\/types\/page"}],"author":[{"embeddable":true,"href":"https:\/\/beta.dipzo.net\/juriscooptest\/wp-json\/wp\/v2\/users\/8"}],"replies":[{"embeddable":true,"href":"https:\/\/beta.dipzo.net\/juriscooptest\/wp-json\/wp\/v2\/comments?post=2559"}],"version-history":[{"count":13,"href":"https:\/\/beta.dipzo.net\/juriscooptest\/wp-json\/wp\/v2\/pages\/2559\/revisions"}],"predecessor-version":[{"id":2562,"href":"https:\/\/beta.dipzo.net\/juriscooptest\/wp-json\/wp\/v2\/pages\/2559\/revisions\/2562"}],"wp:attachment":[{"href":"https:\/\/beta.dipzo.net\/juriscooptest\/wp-json\/wp\/v2\/media?parent=2559"}],"curies":[{"name":"wp","href":"https:\/\/api.w.org\/{rel}","templated":true}]}}