{"id":560,"date":"2018-02-05T06:23:53","date_gmt":"2018-02-05T06:23:53","guid":{"rendered":"http:\/\/juriscoop.tk\/?page_id=560"},"modified":"2019-12-03T16:11:35","modified_gmt":"2019-12-03T21:11:35","slug":"membresia-esmeralda","status":"publish","type":"page","link":"https:\/\/beta.dipzo.net\/juriscooptest\/membresias-y-asistencias\/membresias-gemas\/membresia-esmeralda\/","title":{"rendered":"Membres\u00eda Esmeralda"},"content":{"rendered":"<p>[vc_row css_animation=\u00bb\u00bb row_type=\u00bbrow\u00bb use_row_as_full_screen_section=\u00bbno\u00bb type=\u00bbfull_width\u00bb angled_section=\u00bbno\u00bb text_align=\u00bbleft\u00bb background_image_as_pattern=\u00bbwithout_pattern\u00bb][vc_column width=\u00bb3\/4&#8243;][vc_row_inner row_type=\u00bbrow\u00bb type=\u00bbfull_width\u00bb text_align=\u00bbleft\u00bb css_animation=\u00bb\u00bb][vc_column_inner width=\u00bb1\/2&#8243;][vc_single_image image=\u00bb888&#8243; img_size=\u00bbfull\u00bb qode_css_animation=\u00bb\u00bb][\/vc_column_inner][vc_column_inner width=\u00bb1\/2&#8243;][vc_column_text]Membres\u00eda de vinculaci\u00f3n en la cual el asociado mensualmente incrementa sus aportes y tiene cubrimiento adicional a los beneficios de previsi\u00f3n, financieros y sociales entre los que se destacan herencia vital, servicio exequial y tres asistencias de acuerdo al inter\u00e9s del asociado.[\/vc_column_text][\/vc_column_inner][\/vc_row_inner][vc_tabs style=\u00bbhorizontal\u00bb][vc_tab title=\u00bbBeneficios\u00bb tab_id=\u00bb52de1577-a601-7&#8243;]<div class=\"qode-accordion-holder clearfix qode-accordion qode-initial \">\n\t<h5 class=\"clearfix qode-title-holder\">\n<span class=\"qode-tab-title\">\n\t    <span class=\"qode-tab-title-inner\">\n        Descuentos especiales en salud, recreaci\u00f3n, educaci\u00f3n y cultura    <\/span>\n<\/span>\n<span class=\"qode-accordion-mark\">\n    <span class=\"qode-accordion-mark-icon\">\n        <span class=\"icon_plus\"><\/span>\n        <span class=\"icon_minus-06\"><\/span>\n    <\/span>\n<\/span>\n<\/h5>\n<div class=\"qode-accordion-content \" >\n    <div class=\"qode-accordion-content-inner\">\n        [vc_btn title=\u00bbConoce m\u00e1s aqu\u00ed\u00bb style=\u00bbcustom\u00bb custom_background=\u00bb#ff0000&#8243; custom_text=\u00bb#ffffff\u00bb shape=\u00bbround\u00bb align=\u00bbcenter\u00bb link=\u00bburl:http%3A%2F%2Fwww.fundacionprogresosolidario.com%2F||target:%20_blank|rel:nofollow\u00bb]    <\/div>\n<\/div><h5 class=\"clearfix qode-title-holder\">\n<span class=\"qode-tab-title\">\n\t    <span class=\"qode-tab-title-inner\">\n        Cr\u00e9dito educativo con 0% tasa de inter\u00e9s.    <\/span>\n<\/span>\n<span class=\"qode-accordion-mark\">\n    <span class=\"qode-accordion-mark-icon\">\n        <span class=\"icon_plus\"><\/span>\n        <span class=\"icon_minus-06\"><\/span>\n    <\/span>\n<\/span>\n<\/h5>\n<div class=\"qode-accordion-content \" >\n    <div class=\"qode-accordion-content-inner\">\n        [vc_btn title=\u00bbConoce m\u00e1s aqu\u00ed\u00bb style=\u00bbcustom\u00bb custom_background=\u00bb#ff0000&#8243; custom_text=\u00bb#ffffff\u00bb shape=\u00bbround\u00bb align=\u00bbcenter\u00bb link=\u00bburl:https%3A%2F%2Fbeta.dipzo.net%2Fjuriscooptest%2Fcreditos-sociales%2Fcredito-de-educacion-sin-interes%2F||target:%20_blank|rel:nofollow\u00bb]    <\/div>\n<\/div><h5 class=\"clearfix qode-title-holder\">\n<span class=\"qode-tab-title\">\n\t    <span class=\"qode-tab-title-inner\">\n        Herencia Vital    <\/span>\n<\/span>\n<span class=\"qode-accordion-mark\">\n    <span class=\"qode-accordion-mark-icon\">\n        <span class=\"icon_plus\"><\/span>\n        <span class=\"icon_minus-06\"><\/span>\n    <\/span>\n<\/span>\n<\/h5>\n<div class=\"qode-accordion-content \" >\n    <div class=\"qode-accordion-content-inner\">\n        [vc_column_text]Beneficio dirigido a reconocer a los familiares del asociado o beneficiarios que este haya inscrito como tales, al momento de su fallecimiento, una herencia equivalente a $30.000.000 de pesos y una canasta alimenticia por $500.000 pesos durante 12 meses.<\/p>\n<p>Este servicio, es contratado por la Cooperativa con una entidad aseguradora debidamente autorizada, y se rige por el contrato de seguros suscrito entre las partes, para lo cual al momento del fallecimiento, los beneficiarios habr\u00e1n de entregar la documentaci\u00f3n solicitada y acreditar los parentescos de acuerdo con la solicitud de la aseguradora.[\/vc_column_text]    <\/div>\n<\/div><h5 class=\"clearfix qode-title-holder\">\n<span class=\"qode-tab-title\">\n\t    <span class=\"qode-tab-title-inner\">\n        Cr\u00e9ditos Sociales    <\/span>\n<\/span>\n<span class=\"qode-accordion-mark\">\n    <span class=\"qode-accordion-mark-icon\">\n        <span class=\"icon_plus\"><\/span>\n        <span class=\"icon_minus-06\"><\/span>\n    <\/span>\n<\/span>\n<\/h5>\n<div class=\"qode-accordion-content \" >\n    <div class=\"qode-accordion-content-inner\">\n        [vc_column_text]Su finalidad es prestar ayuda econ\u00f3mica consistente en otorgar auxilios o cr\u00e9ditos sin intereses, con el fin de aliviar las consecuencias de los sucesos de car\u00e1cter calamitoso o grave, que afecten la salud e integridad personal o el patrimonio econ\u00f3mico del asociado o de su n\u00facleo familiar.<\/p>\n<p><strong>COBERTURA<\/strong><\/p>\n<p>El Fondo de Solidaridad cubrir\u00e1 contingencias que afecten a las siguientes personas:<\/p>\n<ul>\n<li>Los asociados respecto de los hechos ocurridos con posterioridad a la aprobaci\u00f3n de su afiliaci\u00f3n.<\/li>\n<li>El (la) c\u00f3nyuge o compa\u00f1ero (a) permanente del asociado.<\/li>\n<li>Los hijos menores de edad que dependan econ\u00f3micamente del asociado.<\/li>\n<li>Los hijos menores de 24 a\u00f1os de edad dependientes econ\u00f3micamente del asociado, que se encuentren cursando estudios secundarios o superiores, debidamente certificados por la respectiva instituci\u00f3n educativa.<\/li>\n<li>Los hijos de cualquier edad que padezcan incapacidad f\u00edsica o mental permanente, certificada por autoridad m\u00e9dica competente y que dependan econ\u00f3micamente del asociado.<\/li>\n<li>Los padres dependientes econ\u00f3micamente del asociado.<\/li>\n<li>Los empleados de la Cooperativa mencionados en el literal c) del art\u00edculo 1ro del presente Acuerdo.<\/li>\n<\/ul>\n<p>Par\u00e1grafo 1<\/p>\n<p>El parentesco de padre e hijo y la calidad de c\u00f3nyuge se acreditan con el respectivo registro civil; la condici\u00f3n de compa\u00f1ero (a) permanente y la dependencia econ\u00f3mica se prueba con declaraci\u00f3n del asociado, la cual se entender\u00e1 presentada bajo la gravedad de juramento.<\/p>\n<p>Par\u00e1grafo 2<\/p>\n<p>Al momento de la solicitud, la aprobaci\u00f3n y el desembolso del auxilio o del cr\u00e9dito, el solicitante deber\u00e1 ser asociado h\u00e1bil.<strong>\u00a0<\/strong><\/p>\n<p><strong>REQUISITOS<\/strong><\/p>\n<ul>\n<li>Petici\u00f3n escrita del interesado presentada dentro de los treinta (30) d\u00edas h\u00e1biles siguientes a la ocurrencia del hecho o del vencimiento de la incapacidad.<\/li>\n<li>Prueba del parentesco de padre e hijo, de la calidad de c\u00f3nyuge o compa\u00f1ero (a) permanente y\/o de la dependencia econ\u00f3mica.<\/li>\n<li>Prueba de la ocurrencia del hecho calamitoso o grave; los gastos a que se refieren las reglas primera y segunda, con la factura original; incapacidad laboral con certificado expedido por la entidad correspondiente del Sistema General de Seguridad Social; los valores dejados de percibir con certificado expedido por la pagadur\u00eda respectiva; la maternidad con el registro civil de nacimiento del menor; los da\u00f1os de que tratan las reglas quinta y sexta, con certificado de autoridad o prueba testimonial o inspecci\u00f3n del Comit\u00e9, y el hurto con copia de la denuncia.<\/li>\n<\/ul>\n<p>Par\u00e1grafo 1<\/p>\n<p>El auxilio o el cr\u00e9dito, se otorgar\u00e1 s\u00f3lo una vez por suceso calamitoso, en ning\u00fan caso podr\u00e1 solicitar las dos opciones.<\/p>\n<p>SITUACIONES EN LAS CUALES NO APLICA EL AUXILIO<\/p>\n<ul>\n<li>No aplica, respecto a gastos m\u00e9dicos, quir\u00fargicos u hospitalarios con fines est\u00e9ticos u odontol\u00f3gicos diferentes a los estrictamente necesarios como consecuencia de accidente; tampoco por muerte del asociado o de alg\u00fan integrante de su n\u00facleo familiar, cuya cobertura ser\u00e1 atendida por el Fondo Funerario Nacional de Juriscoop.<\/li>\n<\/ul>\n<p>[\/vc_column_text]    <\/div>\n<\/div><h5 class=\"clearfix qode-title-holder\">\n<span class=\"qode-tab-title\">\n\t    <span class=\"qode-tab-title-inner\">\n        Actividades sociales    <\/span>\n<\/span>\n<span class=\"qode-accordion-mark\">\n    <span class=\"qode-accordion-mark-icon\">\n        <span class=\"icon_plus\"><\/span>\n        <span class=\"icon_minus-06\"><\/span>\n    <\/span>\n<\/span>\n<\/h5>\n<div class=\"qode-accordion-content \" >\n    <div class=\"qode-accordion-content-inner\">\n            <\/div>\n<\/div><h5 class=\"clearfix qode-title-holder\">\n<span class=\"qode-tab-title\">\n\t    <span class=\"qode-tab-title-inner\">\n        Olimpiadas Juriscoop    <\/span>\n<\/span>\n<span class=\"qode-accordion-mark\">\n    <span class=\"qode-accordion-mark-icon\">\n        <span class=\"icon_plus\"><\/span>\n        <span class=\"icon_minus-06\"><\/span>\n    <\/span>\n<\/span>\n<\/h5>\n<div class=\"qode-accordion-content \" >\n    <div class=\"qode-accordion-content-inner\">\n            <\/div>\n<\/div><h5 class=\"clearfix qode-title-holder\">\n<span class=\"qode-tab-title\">\n\t    <span class=\"qode-tab-title-inner\">\n        Obsequio de Fin de a\u00f1o    <\/span>\n<\/span>\n<span class=\"qode-accordion-mark\">\n    <span class=\"qode-accordion-mark-icon\">\n        <span class=\"icon_plus\"><\/span>\n        <span class=\"icon_minus-06\"><\/span>\n    <\/span>\n<\/span>\n<\/h5>\n<div class=\"qode-accordion-content \" >\n    <div class=\"qode-accordion-content-inner\">\n            <\/div>\n<\/div><h5 class=\"clearfix qode-title-holder\">\n<span class=\"qode-tab-title\">\n\t    <span class=\"qode-tab-title-inner\">\n        Educaci\u00f3n cooperativa, Infecoop    <\/span>\n<\/span>\n<span class=\"qode-accordion-mark\">\n    <span class=\"qode-accordion-mark-icon\">\n        <span class=\"icon_plus\"><\/span>\n        <span class=\"icon_minus-06\"><\/span>\n    <\/span>\n<\/span>\n<\/h5>\n<div class=\"qode-accordion-content \" >\n    <div class=\"qode-accordion-content-inner\">\n            <\/div>\n<\/div><\/div>[\/vc_tab][vc_tab title=\u00bbServicio Exequial\u00bb tab_id=\u00bb1517806440927-2-1&#8243;][vc_column_text]Como programa de previsi\u00f3n, Juriscoop ha contratado un plan de previsi\u00f3n exequial con Coorserpark para cubrir los servicios funerarios b\u00e1sicos en caso de fallecimiento del asociado o cualquier miembro de su grupo familiar.<\/p>\n<p>Este plan cubre \u00fanicamente los servicios, para lo cual el asociado o familiar ha de comunicarse directamente con Coorserpark para la coordinaci\u00f3n del mismo, en cualquiera de las l\u00edneas de atenci\u00f3n: Bogot\u00e1: (1) 345 0188, Celular: 310 8806171 o a trav\u00e9s del #523 opci\u00f3n 2, L\u00ednea gratuita nacional: 01 8000 115 233.<\/p>\n<p>Este plan no incluye reembolsos o auxilios en dinero por la no utilizaci\u00f3n del servicio.[\/vc_column_text][vc_single_image image=\u00bb1262&#8243; img_size=\u00bbfull\u00bb alignment=\u00bbcenter\u00bb onclick=\u00bblink_image\u00bb qode_css_animation=\u00bb\u00bb css=\u00bb.vc_custom_1520367284049{margin-top: 30px !important;}\u00bb][vc_btn title=\u00bbConoce m\u00e1s detalles aqu\u00ed\u00bb style=\u00bbcustom\u00bb custom_background=\u00bb#ff0000&#8243; custom_text=\u00bb#ffffff\u00bb shape=\u00bbround\u00bb align=\u00bbcenter\u00bb link=\u00bburl:https%3A%2F%2Fbeta.dipzo.net%2Fjuriscooptest%2Fwp-content%2Fuploads%2F2018%2F02%2FPrevisi%C3%B3n-exequial-Plan-Esmeralda.pdf||target:%20_blank|\u00bb][\/vc_tab][vc_tab title=\u00bbAsistencias\u00bb tab_id=\u00bb851446c6-9efc-2&#8243;][vc_column_text]El asociado tiene la oportunidad de escoger tres (3) asistencias de acuerdo a sus gustos y necesidades, entre un portafolio de 6, dise\u00f1adas especialmente para nuestros asociados.<\/p>\n<p>El servicio se podr\u00e1 solicitar a trav\u00e9s de la l\u00ednea telef\u00f3nica: En Bogot\u00e1 (1) 7431255 y en todo el pa\u00eds al 01 8000 181 255, las 24 horas del d\u00eda, los 7 d\u00edas de la semana.<\/p>\n<p>Las asistencias dentro de las cuales el asociado podr\u00e1 optar son:[\/vc_column_text][vc_column_text]<\/p>\n<table class=\"tg\">\n<tbody>\n<tr>\n<th class=\"tg-5tr8\">ASISTENCIA PLAN RUB\u00cd<\/th>\n<th class=\"tg-5tr8\">EVENTO<\/th>\n<th class=\"tg-5tr8\">COBERTURAS<\/th>\n<\/tr>\n<tr>\n<td class=\"tg-6k2t\" colspan=\"3\"><strong>SERVICIOS DE ASISTENCIA M\u00c9DICA<\/strong><\/td>\n<\/tr>\n<tr>\n<td class=\"tg-yw4l\">Orientaci\u00f3n m\u00e9dica telef\u00f3nica<\/td>\n<td class=\"tg-yw4l\">Sin l\u00edmites<\/td>\n<td class=\"tg-yw4l\">Sin l\u00edmites<\/td>\n<\/tr>\n<tr>\n<td class=\"tg-6k2t\">Traslado m\u00e9dico terrestre (Ambulancia en urgencia vital)<\/td>\n<td class=\"tg-6k2t\">2 eventos<\/td>\n<td class=\"tg-6k2t\">Sin l\u00edmites<\/td>\n<\/tr>\n<tr>\n<td class=\"tg-yw4l\" colspan=\"3\"><strong>SERVICIOS DE ASISTENCIA DENTAL<\/strong><\/td>\n<\/tr>\n<tr>\n<td class=\"tg-6k2t\">Limpieza dental b\u00e1sica<\/td>\n<td class=\"tg-6k2t\">1 evento<\/td>\n<td class=\"tg-6k2t\">Sin l\u00edmites<\/td>\n<\/tr>\n<tr>\n<td class=\"tg-yw4l\">Asistencia dental de,emergencia<\/td>\n<td class=\"tg-yw4l\">2 eventos<\/td>\n<td class=\"tg-yw4l\">$ 250.000<\/td>\n<\/tr>\n<tr>\n<td class=\"tg-6k2t\" colspan=\"3\"><strong>SERVICIOS DE ASISTENCIA MASCOTAS<\/strong><\/td>\n<\/tr>\n<tr>\n<td class=\"tg-yw4l\">Orientaci\u00f3n veterinaria telef\u00f3nica<\/td>\n<td class=\"tg-yw4l\">1 evento<\/td>\n<td class=\"tg-yw4l\">Sin l\u00edmites<\/td>\n<\/tr>\n<tr>\n<td class=\"tg-6k2t\">Consulta m\u00e9dica veterinaria a domicilio por accidente<\/td>\n<td class=\"tg-6k2t\">2 eventos<\/td>\n<td class=\"tg-6k2t\">$ 200.000<\/td>\n<\/tr>\n<tr>\n<td class=\"tg-yw4l\">Refuerzos en vacunaci\u00f3n veterinaria<\/td>\n<td class=\"tg-yw4l\">1 evento<\/td>\n<td class=\"tg-yw4l\">$ 100.000<\/td>\n<\/tr>\n<tr>\n<td class=\"tg-6k2t\" colspan=\"3\"><strong>SERVICIOS DE ASISTENCIA HOGAR<\/strong><\/td>\n<\/tr>\n<tr>\n<td class=\"tg-yw4l\">Personal de tareas dom\u00e9sticas<\/td>\n<td class=\"tg-yw4l\">2 eventos<\/td>\n<td class=\"tg-yw4l\">2 horas<br \/>\n$ 300.000<\/td>\n<\/tr>\n<tr>\n<td class=\"tg-6k2t\">Plomero<\/td>\n<td class=\"tg-6k2t\">2 eventos<\/td>\n<td class=\"tg-6k2t\">$ 150.000<\/td>\n<\/tr>\n<tr>\n<td class=\"tg-yw4l\">Electricista<\/td>\n<td class=\"tg-yw4l\">2 eventos<\/td>\n<td class=\"tg-yw4l\">$ 150.000<\/td>\n<\/tr>\n<tr>\n<td class=\"tg-6k2t\">Cerrajero<\/td>\n<td class=\"tg-6k2t\">2 eventos<\/td>\n<td class=\"tg-6k2t\">$ 150.000<\/td>\n<\/tr>\n<tr>\n<td class=\"tg-yw4l\" colspan=\"3\"><strong>SERVICIOS DE ASISTENCIA TECNOL\u00d3GICA<\/strong><\/td>\n<\/tr>\n<tr>\n<td class=\"tg-6k2t\">T\u00e9cnico en l\u00ednea<\/td>\n<td class=\"tg-6k2t\">Sin l\u00edmites<\/td>\n<td class=\"tg-6k2t\">60 minutos\/d\u00eda<\/td>\n<\/tr>\n<tr>\n<td class=\"tg-yw4l\" colspan=\"3\"><strong>SERVICIOS DE ASISTENCIA LEGAL<\/strong><\/td>\n<\/tr>\n<tr>\n<td class=\"tg-6k2t\">Orientaci\u00f3n legal telef\u00f3nica en materia laboral<\/td>\n<td class=\"tg-6k2t\">Sin l\u00edmites<\/td>\n<td class=\"tg-6k2t\">Sin l\u00edmites<\/td>\n<\/tr>\n<tr>\n<td class=\"tg-yw4l\">Redacci\u00f3n y\/o revisi\u00f3n de contratos de arriendo<\/td>\n<td class=\"tg-yw4l\">2 eventos<\/td>\n<td class=\"tg-yw4l\">Sin l\u00edmites<\/td>\n<\/tr>\n<tr>\n<td class=\"tg-6k2t\">Asistencia legal telef\u00f3nica en cualquier rama del derecho<\/td>\n<td class=\"tg-6k2t\">Sin l\u00edmites<\/td>\n<td class=\"tg-6k2t\">Sin l\u00edmites<\/td>\n<\/tr>\n<\/tbody>\n<\/table>\n<p>[\/vc_column_text][vc_btn title=\u00bbConoce m\u00e1s detalles aqu\u00ed\u00bb style=\u00bbcustom\u00bb custom_background=\u00bb#ff0000&#8243; custom_text=\u00bb#ffffff\u00bb shape=\u00bbround\u00bb align=\u00bbcenter\u00bb link=\u00bburl:https%3A%2F%2Fbeta.dipzo.net%2Fjuriscooptest%2Fwp-content%2Fuploads%2F2018%2F02%2FAsistencias-Esmeralda.pdf||target:%20_blank|\u00bb][\/vc_tab][\/vc_tabs][\/vc_column][vc_column width=\u00bb1\/4&#8243;][vc_widget_sidebar sidebar_id=\u00bbPlanes y Asistencias\u00bb][\/vc_column][\/vc_row]<\/p>\n","protected":false},"excerpt":{"rendered":"<p>[vc_row css_animation=\u00bb\u00bb row_type=\u00bbrow\u00bb use_row_as_full_screen_section=\u00bbno\u00bb type=\u00bbfull_width\u00bb angled_section=\u00bbno\u00bb text_align=\u00bbleft\u00bb background_image_as_pattern=\u00bbwithout_pattern\u00bb][vc_column width=\u00bb3\/4&#8243;][vc_row_inner row_type=\u00bbrow\u00bb type=\u00bbfull_width\u00bb text_align=\u00bbleft\u00bb css_animation=\u00bb\u00bb][vc_column_inner width=\u00bb1\/2&#8243;][vc_single_image image=\u00bb888&#8243; img_size=\u00bbfull\u00bb qode_css_animation=\u00bb\u00bb][\/vc_column_inner][vc_column_inner width=\u00bb1\/2&#8243;][vc_column_text]Membres\u00eda de vinculaci\u00f3n en la cual el asociado mensualmente incrementa sus aportes y tiene cubrimiento adicional a los beneficios de previsi\u00f3n, financieros y sociales entre los que se&#8230;<\/p>\n","protected":false},"author":8,"featured_media":0,"parent":550,"menu_order":0,"comment_status":"closed","ping_status":"closed","template":"","meta":[],"_links":{"self":[{"href":"https:\/\/beta.dipzo.net\/juriscooptest\/wp-json\/wp\/v2\/pages\/560"}],"collection":[{"href":"https:\/\/beta.dipzo.net\/juriscooptest\/wp-json\/wp\/v2\/pages"}],"about":[{"href":"https:\/\/beta.dipzo.net\/juriscooptest\/wp-json\/wp\/v2\/types\/page"}],"author":[{"embeddable":true,"href":"https:\/\/beta.dipzo.net\/juriscooptest\/wp-json\/wp\/v2\/users\/8"}],"replies":[{"embeddable":true,"href":"https:\/\/beta.dipzo.net\/juriscooptest\/wp-json\/wp\/v2\/comments?post=560"}],"version-history":[{"count":17,"href":"https:\/\/beta.dipzo.net\/juriscooptest\/wp-json\/wp\/v2\/pages\/560\/revisions"}],"predecessor-version":[{"id":3231,"href":"https:\/\/beta.dipzo.net\/juriscooptest\/wp-json\/wp\/v2\/pages\/560\/revisions\/3231"}],"up":[{"embeddable":true,"href":"https:\/\/beta.dipzo.net\/juriscooptest\/wp-json\/wp\/v2\/pages\/550"}],"wp:attachment":[{"href":"https:\/\/beta.dipzo.net\/juriscooptest\/wp-json\/wp\/v2\/media?parent=560"}],"curies":[{"name":"wp","href":"https:\/\/api.w.org\/{rel}","templated":true}]}}