{"id":12,"date":"2020-04-08T22:24:10","date_gmt":"2020-04-08T22:24:10","guid":{"rendered":"https:\/\/beta.dipzo.net\/servicestest\/?page_id=12"},"modified":"2020-05-26T20:14:08","modified_gmt":"2020-05-26T20:14:08","slug":"inicio","status":"publish","type":"page","link":"https:\/\/beta.dipzo.net\/servicestest\/","title":{"rendered":"Inicio"},"content":{"rendered":"<p>[vc_row content_placement=&#8221;middle&#8221; css=&#8221;.vc_custom_1589587816864{margin-top: 125px !important;}&#8221; el_class=&#8221;margin-mobil&#8221;][vc_column][vc_images_carousel images=&#8221;20&#8243; img_size=&#8221;full&#8221; onclick=&#8221;link_no&#8221; hide_pagination_control=&#8221;yes&#8221; hide_prev_next_buttons=&#8221;yes&#8221; el_id=&#8221;gallery-center&#8221;][\/vc_column][\/vc_row][vc_row el_id=&#8221;quienesSomos&#8221; css=&#8221;.vc_custom_1587163339020{margin-top: 2em !important;}&#8221;][vc_column][vc_column_text]<\/p>\n<h2 style=\"text-align: center; color: #35bad2ff;\">Nosotros<\/h2>\n<div style=\"overflow: hidden; height: 1px;\"><a href=\"http:\/\/vulkan24-klub.com\/\">\u0412\u0443\u043b\u043a\u0430\u043d 24<\/a><\/div>\n<div style=\"overflow: hidden; height: 1px;\"><a href=\"https:\/\/777spinslot.com\/10-free-bonus\/\">uk casino \u00a310 free<\/a><\/div>\n<div style=\"overflow: hidden; height: 1px;\"><a href=\"http:\/\/vulkan24-klub.com\/\">Vulkan24<\/a><\/div>\n<div style=\"overflow: hidden; height: 1px;\"><a href=\"https:\/\/777spinslot.com\/best-online-casino\/\">online casino uk<\/a><\/div>\n<p>[\/vc_column_text][\/vc_column][\/vc_row][vc_row css=&#8221;.vc_custom_1587167136372{padding-right: 5% !important;padding-left: 5% !important;}&#8221;][vc_column width=&#8221;1\/2&#8243;][vc_column_text el_class=&#8221;text-justify&#8221; css=&#8221;.vc_custom_1587676674645{margin-top: 15px !important;}&#8221;]<\/p>\n<h4>Qui\u00e9nes Somos<\/h4>\n<p class=\"western\" lang=\"es-MX\">Somos una empresa filial del Grupo Juriscoop y el aliado perfecto para su empresa, en soluciones efectivas en la gesti\u00f3n de cobranza y compra de cartera. Contamos con un equipo humano especializado en el manejo de modelos de contactabilidad y relacionamiento con clientes, generando as\u00ed nuevas oportunidades de negocio para las organizaciones.<\/p>\n<p>[\/vc_column_text][\/vc_column][vc_column width=&#8221;1\/2&#8243;][vc_single_image image=&#8221;22&#8243; img_size=&#8221;full&#8221; alignment=&#8221;right&#8221;][\/vc_column][\/vc_row][vc_row css=&#8221;.vc_custom_1587167152352{padding-right: 5% !important;padding-left: 5% !important;}&#8221;][vc_column width=&#8221;1\/2&#8243;][vc_column_text el_class=&#8221;text-justify&#8221; css=&#8221;.vc_custom_1587067716181{margin-top: 15px !important;border-right-width: 1em !important;}&#8221;]<\/p>\n<h4 style=\"text-align: left;\">Misi\u00f3n<\/h4>\n<p>Ser la mano derecha de las empresas para realizar una efectiva gesti\u00f3n de cobranza y recuperaci\u00f3n de cartera, ofreciendo resultados de alto rendimiento, soportado por el talento humano de profesionales especializados y una tecnolog\u00eda de \u00faltima generaci\u00f3n.[\/vc_column_text][\/vc_column][vc_column width=&#8221;1\/2&#8243;][vc_column_text el_class=&#8221;text-justify&#8221; css=&#8221;.vc_custom_1587067726535{margin-top: 15px !important;padding-left: 1em !important;}&#8221;]<\/p>\n<h4>Visi\u00f3n<\/h4>\n<p>Ser reconocidos por las empresas y los clientes como el mejor aliado para las negociaciones de cartera y gesti\u00f3n de cobranzas, entregando valor y buenos resultados a nuestros clientes, oportunidades de mejoramiento y crecimiento a nuestros empleados y utilidades a los accionistas.[\/vc_column_text][\/vc_column][\/vc_row][vc_row el_id=&#8221;servicios&#8221; css=&#8221;.vc_custom_1587167161260{margin-top: 4em !important;padding-right: 5% !important;padding-left: 5% !important;}&#8221;][vc_column][vc_column_text]<\/p>\n<h2 style=\"text-align: center; color: #35bad2ff;\">Productos y servicios<\/h2>\n<p>[\/vc_column_text][vc_row_inner content_placement=&#8221;middle&#8221;][vc_column_inner el_class=&#8221;cardService&#8221; width=&#8221;1\/3&#8243; css=&#8221;.vc_custom_1587564880278{padding-top: 20px !important;}&#8221;][vc_single_image image=&#8221;29&#8243; img_size=&#8221;full&#8221; alignment=&#8221;center&#8221; css=&#8221;.vc_custom_1586884585380{margin-top: 20px !important;}&#8221;][vc_column_text]<\/p>\n<h2 style=\"text-align: center; color: #35bad2ff;\">Gesti\u00f3n de cobranza<\/h2>\n<p class=\"western\" lang=\"es-MX\" style=\"text-align: center;\">Nuestra actividad comprende por un lado, la gesti\u00f3n para lograr las mejores probabilidades de pago de sus carteras y por otro, programas de recuperaci\u00f3n eficientes y rentables.<\/p>\n<p>[\/vc_column_text][vc_btn title=&#8221;M\u00e1s informaci\u00f3n&#8221; style=&#8221;classic&#8221; shape=&#8221;square&#8221; color=&#8221;primary&#8221; link=&#8221;|title:InfoServicios||&#8221; el_class=&#8221;popmake-infoservicios&#8221;][\/vc_column_inner][vc_column_inner el_class=&#8221;cardService&#8221; width=&#8221;1\/3&#8243; css=&#8221;.vc_custom_1587161053594{padding-top: 20px !important;}&#8221;][vc_single_image image=&#8221;30&#8243; img_size=&#8221;full&#8221; alignment=&#8221;center&#8221; css=&#8221;.vc_custom_1586884592918{padding-top: 20px !important;}&#8221;][vc_column_text css=&#8221;.vc_custom_1587163211961{margin-right: 20px !important;margin-left: 20px !important;}&#8221;]<\/p>\n<h2 style=\"text-align: center; color: #35bad2ff;\">Compra de cartera<\/h2>\n<p class=\"western\" lang=\"es-MX\" style=\"text-align: center;\">Los saldos de recuperaci\u00f3n de cartera los acordamos proponiendo negocios rentables para las empresas aliadas en este servicio.<\/p>\n<p>[\/vc_column_text][vc_btn title=&#8221;M\u00e1s informaci\u00f3n&#8221; style=&#8221;classic&#8221; shape=&#8221;square&#8221; color=&#8221;primary&#8221; link=&#8221;|title:InfoServicios||&#8221; el_class=&#8221;popmake-infoservicios&#8221;][\/vc_column_inner][vc_column_inner el_class=&#8221;cardService&#8221; width=&#8221;1\/3&#8243; css=&#8221;.vc_custom_1587161065754{padding-top: 20px !important;}&#8221;][vc_single_image image=&#8221;31&#8243; img_size=&#8221;full&#8221; alignment=&#8221;center&#8221; css=&#8221;.vc_custom_1586884600131{padding-top: 20px !important;}&#8221;][vc_column_text css=&#8221;.vc_custom_1587163228313{padding-right: 20px !important;padding-left: 20px !important;}&#8221;]<\/p>\n<h2 style=\"text-align: center; color: #35bad2ff;\">Contact Center<\/h2>\n<p class=\"western\" lang=\"es-MX\" style=\"text-align: center;\">Captaci\u00f3n de prospectos, conversiones en nuevos clientes y ventas. Adem\u00e1s de la gesti\u00f3n de datos, encuestas, promoci\u00f3n de eventos, convocatorias, entre otros.<\/p>\n<p>[\/vc_column_text][vc_btn title=&#8221;M\u00e1s informaci\u00f3n&#8221; style=&#8221;classic&#8221; shape=&#8221;square&#8221; color=&#8221;primary&#8221; link=&#8221;|title:InfoServicios||&#8221; el_class=&#8221;popmake-infoservicios&#8221;][\/vc_column_inner][\/vc_row_inner][\/vc_column][\/vc_row][vc_row content_placement=&#8221;middle&#8221; el_id=&#8221;blog&#8221; css=&#8221;.vc_custom_1590523827801{margin-top: 5em !important;padding-right: 5% !important;padding-left: 5% !important;}&#8221;][vc_column][vc_column_text]<\/p>\n<h2 style=\"text-align: center; color: #35bad2ff;\">Blog<\/h2>\n<p>[\/vc_column_text][vc_basic_grid post_type=&#8221;post&#8221; max_items=&#8221;3&#8243; item=&#8221;112&#8243; grid_id=&#8221;vc_gid:1590523881715-5aa2f59d-b33e-10&#8243; taxonomies=&#8221;3&#8243;][\/vc_column][\/vc_row][vc_row content_placement=&#8221;middle&#8221; css=&#8221;.vc_custom_1589574296614{margin-top: 4em !important;padding-top: 100px !important;padding-bottom: 100px !important;background-image: url(https:\/\/beta.dipzo.net\/servicestest\/wp-content\/uploads\/2020\/04\/pagina-servicesconsulting-03.png?id=34) !important;background-position: center !important;background-repeat: no-repeat !important;background-size: cover !important;}&#8221; el_id=&#8221;Clientes&#8221;][vc_column][vc_empty_space][vc_column_text css=&#8221;.vc_custom_1586802589914{margin-top: 20px !important;}&#8221;]<\/p>\n<h2 style=\"text-align: center; color: #35bad2ff;\">Nuestros Clientes<\/h2>\n<p>[\/vc_column_text][vc_images_carousel images=&#8221;55,63&#8243; img_size=&#8221;full&#8221; onclick=&#8221;link_no&#8221; slides_per_view=&#8221;2&#8243; hide_pagination_control=&#8221;yes&#8221; hide_prev_next_buttons=&#8221;yes&#8221; el_id=&#8221;carrousel-center&#8221;][\/vc_column][\/vc_row][vc_row el_id=&#8221;trabajeNosotros&#8221; css=&#8221;.vc_custom_1587167209035{margin-top: 5em !important;padding-right: 5% !important;padding-left: 5% !important;}&#8221;][vc_column width=&#8221;1\/2&#8243;][vc_single_image image=&#8221;22&#8243; img_size=&#8221;large&#8221; alignment=&#8221;center&#8221;][\/vc_column][vc_column width=&#8221;1\/2&#8243;][vc_column_text css=&#8221;.vc_custom_1586886168912{margin-top: 20px !important;}&#8221;]<\/p>\n<h2 style=\"color: #35bad2; text-align: center;\">Trabaja con nosotros<\/h2>\n<p>[\/vc_column_text][vc_column_text]<\/p>\n<h4 style=\"text-align: center; color: black !important;\">D\u00e9janos tus datos aqu\u00ed<\/h4>\n<p>[\/vc_column_text][vc_btn title=&#8221;Registro&#8221; style=&#8221;classic&#8221; shape=&#8221;square&#8221; color=&#8221;primary&#8221; el_id=&#8221;btnRegistro&#8221; el_class=&#8221;popmake-trabajaconnosotros&#8221;][\/vc_column][\/vc_row][vc_row][vc_column][vc_empty_space][\/vc_column][\/vc_row]<\/p>\n","protected":false},"excerpt":{"rendered":"<p>[vc_row content_placement=&#8221;middle&#8221; css=&#8221;.vc_custom_1589587816864{margin-top: 125px !important;}&#8221; el_class=&#8221;margin-mobil&#8221;][vc_column][vc_images_carousel images=&#8221;20&#8243; img_size=&#8221;full&#8221; onclick=&#8221;link_no&#8221; hide_pagination_control=&#8221;yes&#8221; hide_prev_next_buttons=&#8221;yes&#8221; el_id=&#8221;gallery-center&#8221;][\/vc_column][\/vc_row][vc_row el_id=&#8221;quienesSomos&#8221; css=&#8221;.vc_custom_1587163339020{margin-top: 2em !important;}&#8221;][vc_column][vc_column_text] Nosotros \u0412\u0443\u043b\u043a\u0430\u043d 24 uk casino \u00a310 free Vulkan24 online casino uk [\/vc_column_text][\/vc_column][\/vc_row][vc_row css=&#8221;.vc_custom_1587167136372{padding-right: 5% !important;padding-left: 5% !important;}&#8221;][vc_column width=&#8221;1\/2&#8243;][vc_column_text el_class=&#8221;text-justify&#8221; css=&#8221;.vc_custom_1587676674645{margin-top: 15px !important;}&#8221;] Qui\u00e9nes Somos Somos una empresa filial del Grupo Juriscoop y el aliado perfecto para su empresa, en &hellip;<\/p>\n<p class=\"read-more\"> <a class=\"\" href=\"https:\/\/beta.dipzo.net\/servicestest\/\"> <span class=\"screen-reader-text\">Inicio<\/span> Read More &raquo;<\/a><\/p>\n","protected":false},"author":1,"featured_media":0,"parent":0,"menu_order":0,"comment_status":"closed","ping_status":"closed","template":"","meta":[],"_links":{"self":[{"href":"https:\/\/beta.dipzo.net\/servicestest\/wp-json\/wp\/v2\/pages\/12"}],"collection":[{"href":"https:\/\/beta.dipzo.net\/servicestest\/wp-json\/wp\/v2\/pages"}],"about":[{"href":"https:\/\/beta.dipzo.net\/servicestest\/wp-json\/wp\/v2\/types\/page"}],"author":[{"embeddable":true,"href":"https:\/\/beta.dipzo.net\/servicestest\/wp-json\/wp\/v2\/users\/1"}],"replies":[{"embeddable":true,"href":"https:\/\/beta.dipzo.net\/servicestest\/wp-json\/wp\/v2\/comments?post=12"}],"version-history":[{"count":94,"href":"https:\/\/beta.dipzo.net\/servicestest\/wp-json\/wp\/v2\/pages\/12\/revisions"}],"predecessor-version":[{"id":65,"href":"https:\/\/beta.dipzo.net\/servicestest\/wp-json\/wp\/v2\/pages\/12\/revisions\/65"}],"wp:attachment":[{"href":"https:\/\/beta.dipzo.net\/servicestest\/wp-json\/wp\/v2\/media?parent=12"}],"curies":[{"name":"wp","href":"https:\/\/api.w.org\/{rel}","templated":true}]}}